{"id":596,"date":"2019-03-25T09:43:28","date_gmt":"2019-03-25T09:43:28","guid":{"rendered":"https:\/\/leaperrins.be\/?page_id=596"},"modified":"2019-04-04T07:38:27","modified_gmt":"2019-04-04T07:38:27","slug":"le-produit","status":"publish","type":"page","link":"https:\/\/leaperrins.be\/fr\/le-produit\/","title":{"rendered":"Le produit"},"content":{"rendered":"\n<div class=\"wp-block-columns has-2-columns is-layout-flex wp-container-core-columns-is-layout-1 wp-block-columns-is-layout-flex\">\n<div class=\"wp-block-column is-layout-flow wp-block-column-is-layout-flow\">\n<figure class=\"wp-block-image\"><img loading=\"lazy\" decoding=\"async\" width=\"300\" height=\"875\" src=\"https:\/\/leaperrins.be\/wp-content\/uploads\/2019\/03\/LP-packshot.jpg\" alt=\"\" class=\"wp-image-313\" srcset=\"https:\/\/leaperrins.be\/wp-content\/uploads\/2019\/03\/LP-packshot.jpg 300w, https:\/\/leaperrins.be\/wp-content\/uploads\/2019\/03\/LP-packshot-103x300.jpg 103w\" sizes=\"auto, (max-width: 300px) 100vw, 300px\" \/><\/figure>\n<\/div>\n\n\n\n<div class=\"wp-block-column is-layout-flow wp-block-column-is-layout-flow\">\n<p class=\"has-text-color has-large-font-size has-luminous-vivid-orange-color\">My name is Worcestershire sauce\u2026 Une histoire incroyable, un nom impronon\u00e7able et &#8230; un go\u00fbt incomparable!<\/p>\n\n\n\n<div style=\"height:53px\" aria-hidden=\"true\" class=\"wp-block-spacer\"><\/div>\n\n\n\n<p class=\"has-text-color has-medium-font-size has-very-dark-gray-color\">Jusqu\u2019\u00e0 ce jour, la sauce Worcester Lea &amp; Perrins a toujours \u00e9t\u00e9 pr\u00e9par\u00e9e de fa\u00e7on authentique&nbsp;et avec les ingr\u00e9dients originaux dans l\u2019usine de Worcester (Royaume-Uni).&nbsp;<br>Nous laissons la sauce parvenir \u00e0 maturation durant 18 mois<br>afin de lui conf\u00e9rer ce go\u00fbt plein et entier irr\u00e9sistible.<br>La sauce ne contient pas ni cholest\u00e9rol ni conservateurs,&nbsp;<br>est sans graisses et contient 80% de sodium (sel)&nbsp;<br>en moins que la sauce soja.<\/p>\n\n\n\n<hr class=\"wp-block-separator\"\/>\n\n\n\n<p class=\"has-text-color has-large-font-size has-luminous-vivid-orange-color\"><strong> Ingr\u00e9dients <\/strong><\/p><\/br>\n\n\n\n<ul class=\"wp-block-list\"><li>Vinaigre de malt<\/li><li>M\u00e9lasse<\/li><li>Sauce soja<\/li><li>Sucre brun<\/li><li>Sel<\/li><li>Jus de citron<\/li><li>Caramel<\/li><li>Anchois<\/li><li>Extrait de tamarin<\/li><li>Ail<\/li><li>Oignons<\/li><li>\u00c9pices<\/li><li>Ingr\u00e9dients secrets<\/li><\/ul>\n\n\n\n<hr class=\"wp-block-separator\"\/>\n\n\n\n<p class=\"has-text-color has-large-font-size has-luminous-vivid-orange-color\"><strong>Informations nutritionnelles<\/strong><\/p><\/br>\n\n\n\n<p class=\"has-medium-font-size\">Valeurs nutritives par 100 g<\/p>\n\n\n\n<ul class=\"wp-block-list\"><li>\u00c9nergie 481 kJ\/113 kcal<\/li><li>Prot\u00e9ines 1.1 g<\/li><li>Glucides 26.7 g (dont sucres 19.6 g)<\/li><li>Lipides 0.2 g<\/li><li>Sodium 1.5 g<\/li><\/ul>\n<\/div>\n<\/div>\n\n\n\n<hr class=\"wp-block-separator\"\/>\n\n\n\n<div class=\"wp-block-image\"><figure class=\"aligncenter\"><img loading=\"lazy\" decoding=\"async\" width=\"511\" height=\"419\" src=\"https:\/\/leaperrins.be\/wp-content\/uploads\/2019\/03\/LP-products.jpg\" alt=\"\" class=\"wp-image-347\" srcset=\"https:\/\/leaperrins.be\/wp-content\/uploads\/2019\/03\/LP-products.jpg 511w, https:\/\/leaperrins.be\/wp-content\/uploads\/2019\/03\/LP-products-300x246.jpg 300w\" sizes=\"auto, (max-width: 511px) 100vw, 511px\" \/><figcaption><strong><br><\/strong><\/figcaption><\/figure><\/div>\n\n\n\n<p style=\"text-align:center\" class=\"has-text-color has-medium-font-size has-luminous-vivid-orange-color\"><strong>Lea &amp; Perrins est disponible en 3 formats&nbsp;<br>de bouteille diff\u00e9rents&nbsp;et avec bec verseur&nbsp;<br>en goutte \u00e0 goutte :&nbsp;150 ml,&nbsp;290 ml&nbsp;en&nbsp;568 ml<\/strong><\/p>\n\n\n\n<div style=\"height:28px\" aria-hidden=\"true\" class=\"wp-block-spacer\"><\/div>\n\n\n\n<hr class=\"wp-block-separator is-style-default\"\/>\n\n\n\n<div style=\"height:28px\" aria-hidden=\"true\" class=\"wp-block-spacer\"><\/div>\n\n\n\n<div class=\"wp-block-columns has-2-columns is-layout-flex wp-container-core-columns-is-layout-2 wp-block-columns-is-layout-flex\">\n<div class=\"wp-block-column is-layout-flow wp-block-column-is-layout-flow\">\n<figure class=\"wp-block-image\"><img loading=\"lazy\" decoding=\"async\" width=\"1024\" height=\"636\" src=\"https:\/\/leaperrins.be\/wp-content\/uploads\/2019\/03\/LP-tips-1024x636.jpg\" alt=\"\" class=\"wp-image-440\" srcset=\"https:\/\/leaperrins.be\/wp-content\/uploads\/2019\/03\/LP-tips-1024x636.jpg 1024w, https:\/\/leaperrins.be\/wp-content\/uploads\/2019\/03\/LP-tips-300x186.jpg 300w, https:\/\/leaperrins.be\/wp-content\/uploads\/2019\/03\/LP-tips-768x477.jpg 768w, https:\/\/leaperrins.be\/wp-content\/uploads\/2019\/03\/LP-tips-1200x746.jpg 1200w, https:\/\/leaperrins.be\/wp-content\/uploads\/2019\/03\/LP-tips.jpg 1920w\" sizes=\"auto, (max-width: 1024px) 100vw, 1024px\" \/><\/figure>\n\n\n\n<p><\/p>\n<\/div>\n\n\n\n<div class=\"wp-block-column is-layout-flow wp-block-column-is-layout-flow\">\n<p class=\"has-text-color has-large-font-size has-luminous-vivid-orange-color\"><strong>Conseils&nbsp;d&rsquo;utilisation<\/strong><\/p>\n\n\n\n<div style=\"height:29px\" aria-hidden=\"true\" class=\"wp-block-spacer\"><\/div>\n\n\n\n<p class=\"has-medium-font-size\">Conseils &amp; Astuces \u2013 Comment utiliser la sauce Worcester Lea &amp; Perrins ?<\/p>\n\n\n\n<div style=\"height:29px\" aria-hidden=\"true\" class=\"wp-block-spacer\"><\/div>\n\n\n\n<ul><li>La sauce Worcester Lea &#038; Perrins s\u2019utilise g\u00e9n\u00e9reusement dans les marinades, pots au feu, soupes, sauces, sauces dip, ap\u00e9ritifs, salades, p\u00e2tes, viandes et poissons, \u2026 les possibilit\u00e9s sont infinies !<\/li><\/br>\n<li>Remplacez dans vos recettes le <strong>vinaigre<\/strong> classique par la sauce Worcester Lea &#038; Perrins.<br>Elle constitue une alternative id\u00e9ale et conf\u00e9rera un go\u00fbt plus riche \u00e0 votre recette (par ex. un assaisonnement pour salade).<\/li><\/br>\n<li>M\u00e9langez la sauce Worcester Lea &#038; Perrins avec la m\u00eame quantit\u00e9 de jus de citron vert et cr\u00e9ez ainsi <strong>l\u2019assaisonnement id\u00e9al<\/strong> pour vos l\u00e9gumes \u00e0 la vapeur.<\/li><\/br>\n<li>Une demi-tasse de sauce Worcester Lea &#038; Perrins agr\u00e9ment\u00e9e d\u20191 c. \u00e0 soupe d\u2019huile v\u00e9g\u00e9tale.<br> \nUne d\u00e9licieuse <strong>sauce dip<\/strong> pour vos l\u00e9gumes frits dans une p\u00e2te tempura. Ajoutez un filet d\u2019huile de s\u00e9same pour une touche asiatique.<\/li><\/br><li>Un festival de <strong>pop corn<\/strong> avec votre film ? Ce sera encore plus d\u00e9licieux si vous y ajoutez une vingtaine de gouttes de sauce Worcester Lea &#038; Perrins et un peu de poudre d\u2019ail.<\/li><\/br>\n<li>Arrosez d\u2019un peu de sauce Worcester Lea &#038; Perrins et d\u2019huile d\u2019olive quelques morceaux de toast, de baguette ou de ciabatta et passez-les quelques instants sous le grill.<\/li><\/br><li>Votre traditionnel <strong>spaghetti bolognaise<\/strong> sera encore plus savoureux avec un filet de sauce Worcester Lea &#038; Perrins.<\/li><\/br><li><strong>Haricots rouges<\/strong> et sauce Worcester Lea &#038; Perrins ? Le mariage parfait !<\/li><\/ul>\n<\/div>\n<\/div>\n\n\n\n<hr class=\"wp-block-separator\"\/>\n\n\n\n<p style=\"text-align:center\" class=\"has-text-color has-large-font-size has-luminous-vivid-orange-color\"><strong>O\u00f9 l\u2019acheter<\/strong><\/p>\n\n\n\n<div class=\"wp-block-image\"><figure class=\"aligncenter\"><img loading=\"lazy\" decoding=\"async\" width=\"612\" height=\"315\" src=\"https:\/\/leaperrins.be\/wp-content\/uploads\/2019\/04\/logos.jpg\" alt=\"\" class=\"wp-image-822\" srcset=\"https:\/\/leaperrins.be\/wp-content\/uploads\/2019\/04\/logos.jpg 612w, https:\/\/leaperrins.be\/wp-content\/uploads\/2019\/04\/logos-300x154.jpg 300w\" sizes=\"auto, (max-width: 612px) 100vw, 612px\" \/><\/figure><\/div>\n\n\n\n<p><\/p>\n","protected":false},"excerpt":{"rendered":"<p>My name is Worcestershire sauce\u2026 Une histoire incroyable, un nom impronon\u00e7able et &#8230; un go\u00fbt incomparable! Jusqu\u2019\u00e0 ce jour, la sauce Worcester Lea &amp; Perrins a toujours \u00e9t\u00e9 pr\u00e9par\u00e9e de fa\u00e7on authentique&nbsp;et avec les ingr\u00e9dients originaux dans l\u2019usine de Worcester (Royaume-Uni).&nbsp;Nous laissons la sauce parvenir \u00e0 maturation durant 18 moisafin de lui conf\u00e9rer ce go\u00fbt<a class=\"post-read-more\" href=\"https:\/\/leaperrins.be\/fr\/le-produit\/\">Read more<\/a><\/p>\n","protected":false},"author":1,"featured_media":600,"parent":0,"menu_order":1,"comment_status":"closed","ping_status":"closed","template":"","meta":{"footnotes":""},"class_list":["post-596","page","type-page","status-publish","has-post-thumbnail","hentry"],"_links":{"self":[{"href":"https:\/\/leaperrins.be\/fr\/wp-json\/wp\/v2\/pages\/596","targetHints":{"allow":["GET"]}}],"collection":[{"href":"https:\/\/leaperrins.be\/fr\/wp-json\/wp\/v2\/pages"}],"about":[{"href":"https:\/\/leaperrins.be\/fr\/wp-json\/wp\/v2\/types\/page"}],"author":[{"embeddable":true,"href":"https:\/\/leaperrins.be\/fr\/wp-json\/wp\/v2\/users\/1"}],"replies":[{"embeddable":true,"href":"https:\/\/leaperrins.be\/fr\/wp-json\/wp\/v2\/comments?post=596"}],"version-history":[{"count":8,"href":"https:\/\/leaperrins.be\/fr\/wp-json\/wp\/v2\/pages\/596\/revisions"}],"predecessor-version":[{"id":826,"href":"https:\/\/leaperrins.be\/fr\/wp-json\/wp\/v2\/pages\/596\/revisions\/826"}],"wp:featuredmedia":[{"embeddable":true,"href":"https:\/\/leaperrins.be\/fr\/wp-json\/wp\/v2\/media\/600"}],"wp:attachment":[{"href":"https:\/\/leaperrins.be\/fr\/wp-json\/wp\/v2\/media?parent=596"}],"curies":[{"name":"wp","href":"https:\/\/api.w.org\/{rel}","templated":true}]}}